{"id":1751,"date":"2020-12-10T21:38:22","date_gmt":"2020-12-10T20:38:22","guid":{"rendered":"http:\/\/www.modellbahn1000.at\/?page_id=1751"},"modified":"2025-09-22T21:34:53","modified_gmt":"2025-09-22T19:34:53","slug":"startseite","status":"publish","type":"page","link":"http:\/\/www.modellbahn1000.at\/","title":{"rendered":"Startseite"},"content":{"rendered":"\n<p>Willkommen auf meiner Website.<\/p>\n\n\n\n<h3>News Box | Update Box<\/h3>\n\n\n\n<p>22.9.2025<br><\/p>\n\n\n\n<p>neue Fotos:<\/p>\n\n\n\n<figure class=\"wp-block-table\"><table><tbody><tr><td>Galerie<\/td><td>Bilder<\/td><\/tr><tr><td>\u00d6BB 1116<\/td><td>2<\/td><\/tr><tr><td>\u00d6BB 1142<\/td><td>3<\/td><\/tr><tr><td>\u00d6BB 1144<\/td><td>3<\/td><\/tr><tr><td>\u00d6BB 2016<\/td><td>2  <\/td><\/tr><tr><td>\u00d6BB 5047<\/td><td>2<\/td><\/tr><tr><td>PLOK 2143<\/td><td>3<\/td><\/tr><tr><td>Regiobahn 2050<\/td><td>20<\/td><\/tr><tr><td><\/td><td><\/td><\/tr><tr><td><\/td><td><\/td><\/tr><\/tbody><\/table><\/figure>\n\n\n\n<p><br><\/p>\n\n\n\n<p><br><\/p>\n","protected":false},"excerpt":{"rendered":"<p>Willkommen auf meiner Website. News Box | Update Box 22.9.2025 neue Fotos: Galerie Bilder \u00d6BB 1116 2 \u00d6BB 1142 3 \u00d6BB 1144 3 \u00d6BB 2016 2 \u00d6BB 5047 2 PLOK 2143 3 Regiobahn 2050 20<\/p>\n","protected":false},"author":1,"featured_media":0,"parent":0,"menu_order":0,"comment_status":"closed","ping_status":"closed","template":"","meta":[],"_links":{"self":[{"href":"http:\/\/www.modellbahn1000.at\/index.php?rest_route=\/wp\/v2\/pages\/1751"}],"collection":[{"href":"http:\/\/www.modellbahn1000.at\/index.php?rest_route=\/wp\/v2\/pages"}],"about":[{"href":"http:\/\/www.modellbahn1000.at\/index.php?rest_route=\/wp\/v2\/types\/page"}],"author":[{"embeddable":true,"href":"http:\/\/www.modellbahn1000.at\/index.php?rest_route=\/wp\/v2\/users\/1"}],"replies":[{"embeddable":true,"href":"http:\/\/www.modellbahn1000.at\/index.php?rest_route=%2Fwp%2Fv2%2Fcomments&post=1751"}],"version-history":[{"count":59,"href":"http:\/\/www.modellbahn1000.at\/index.php?rest_route=\/wp\/v2\/pages\/1751\/revisions"}],"predecessor-version":[{"id":3600,"href":"http:\/\/www.modellbahn1000.at\/index.php?rest_route=\/wp\/v2\/pages\/1751\/revisions\/3600"}],"wp:attachment":[{"href":"http:\/\/www.modellbahn1000.at\/index.php?rest_route=%2Fwp%2Fv2%2Fmedia&parent=1751"}],"curies":[{"name":"wp","href":"https:\/\/api.w.org\/{rel}","templated":true}]}}